{"id":1108,"date":"2013-04-04T23:13:40","date_gmt":"2013-04-04T23:13:40","guid":{"rendered":"http:\/\/www.kriesi.at\/themes\/enfold\/?page_id=1108"},"modified":"2025-10-02T17:11:26","modified_gmt":"2025-10-02T17:11:26","slug":"home","status":"publish","type":"page","link":"https:\/\/wordlink.com.br\/pt\/","title":{"rendered":"home"},"content":{"rendered":"<div id='layer_slider_1'  class='avia-layerslider main_color avia-shadow  avia-builder-el-0  el_before_av_one_third  avia-builder-el-first  container_wrap sidebar_right' style='  height: 471px;' ><\/div><div id='after_layer_slider_1'  class='main_color av_default_container_wrap container_wrap sidebar_right' style=' '  ><div class='container' ><div class='template-page content  av-content-small alpha units'><div class='post-entry post-entry-type-page post-entry-1108'><div class='entry-content-wrapper clearfix'>\n<div class=\"flex_column av_one_third  flex_column_div first  avia-builder-el-1  el_after_av_layerslider  el_before_av_one_third  avia-builder-el-first  \" ><p><div  class='avia-image-container  av-styling-    avia-builder-el-2  el_before_av_textblock  avia-builder-el-first  avia-align-center '  itemprop=\"image\" itemscope=\"itemscope\" itemtype=\"https:\/\/schema.org\/ImageObject\"  ><div class='avia-image-container-inner'><div class='avia-image-overlay-wrap'><img class='avia_image' src='https:\/\/wordlink.com.br\/pt\/wp-content\/uploads\/2013\/04\/capa3-300x218.jpg' alt='' title='capa3' height=\"218\" width=\"300\"  itemprop=\"thumbnailUrl\"  \/><\/div><\/div><\/div><br \/>\n<section class=\"av_textblock_section \"  itemscope=\"itemscope\" itemtype=\"https:\/\/schema.org\/CreativeWork\" ><div class='avia_textblock  '   itemprop=\"text\" ><h4>A\u00a0Empresa<\/h4>\n<p>Somos tradutores associados que se dedicam a proporcionar \u00e0 sua empresa solu\u00e7\u00f5es lingu\u00edsticas personalizadas, com qualidade e rapidez. <a href=\"https:\/\/wordlink.com.br\/pt\/?page_id=1195\">Saiba Mais&#8230;<\/a><\/p>\n<\/div><\/section><\/p><\/div>\n<div class=\"flex_column av_one_third  flex_column_div   avia-builder-el-4  el_after_av_one_third  el_before_av_one_third  \" ><p><div  class='avia-image-container  av-styling-    avia-builder-el-5  el_before_av_textblock  avia-builder-el-first  avia-align-center '  itemprop=\"image\" itemscope=\"itemscope\" itemtype=\"https:\/\/schema.org\/ImageObject\"  ><div class='avia-image-container-inner'><div class='avia-image-overlay-wrap'><img class='avia_image' src='https:\/\/wordlink.com.br\/pt\/wp-content\/uploads\/2013\/04\/capa4-300x218.jpg' alt='' title='capa4' height=\"218\" width=\"300\"  itemprop=\"thumbnailUrl\"  \/><\/div><\/div><\/div><br \/>\n<section class=\"av_textblock_section \"  itemscope=\"itemscope\" itemtype=\"https:\/\/schema.org\/CreativeWork\" ><div class='avia_textblock  '   itemprop=\"text\" ><h4>Nossa Equipe<\/h4>\n<p>Nossos profissionais s\u00e3o altamente capacitados para fazer com que os seus objetivos sejam alcan\u00e7ados com qualidade, pontualidade e profissionalismo. <a href=\"https:\/\/wordlink.com.br\/pt\/?page_id=1212\">Saiba Mais&#8230;<\/a><\/p>\n<\/div><\/section><\/p><\/div>\n<div class=\"flex_column av_one_third  flex_column_div   avia-builder-el-7  el_after_av_one_third  el_before_av_section  avia-builder-el-last  \" ><p><div  class='avia-image-container  av-styling-    avia-builder-el-8  el_before_av_textblock  avia-builder-el-first  avia-align-center '  itemprop=\"image\" itemscope=\"itemscope\" itemtype=\"https:\/\/schema.org\/ImageObject\"  ><div class='avia-image-container-inner'><div class='avia-image-overlay-wrap'><img class='avia_image' src='https:\/\/wordlink.com.br\/pt\/wp-content\/uploads\/2013\/04\/capa1-300x218.jpg' alt='' title='capa1' height=\"218\" width=\"300\"  itemprop=\"thumbnailUrl\"  \/><\/div><\/div><\/div><br \/>\n<section class=\"av_textblock_section \"  itemscope=\"itemscope\" itemtype=\"https:\/\/schema.org\/CreativeWork\" ><div class='avia_textblock  '   itemprop=\"text\" ><h4>Servi\u00e7o<\/h4>\n<p>Tradu\u00e7\u00e3o, localiza\u00e7\u00e3o, transcri\u00e7\u00e3o, servi\u00e7os de dados, servi\u00e7os de interpreta\u00e7\u00e3o consecutiva e simult\u00e2nea, revis\u00e3o, controle de qualidade e editora\u00e7\u00e3o eletr\u00f4nica. <a href=\"https:\/\/wordlink.com.br\/pt\/servico\/\">Saiba Mais&#8230;<\/a><\/p>\n<\/div><\/section><\/p><\/div><\/div><\/div><\/div><!-- close content main div --><\/div><\/div><div id='av_section_1'  class='avia-section alternate_color avia-section-large avia-no-shadow  avia-bg-style-scroll  avia-builder-el-10  el_after_av_one_third  el_before_av_section   container_wrap sidebar_right' style=' '  ><div class='container' ><div class='template-page content  av-content-small alpha units'><div class='post-entry post-entry-type-page post-entry-1108'><div class='entry-content-wrapper clearfix'>\n\t<div   class='av_promobox  avia-button-yes   avia-builder-el-11  avia-builder-el-no-sibling '>\t\t<div class='avia-promocontent'><h3 class=\"av-special-heading-tag\">A Wordlink oferece servi\u00e7os para diversos setores:<\/h3>\n<\/div><div  class='avia-button-wrap avia-button-right ' ><a href='https:\/\/wordlink.com.br\/pt\/especialidades\/'  class='avia-button   avia-icon_select-no avia-color-theme-color avia-size-large avia-position-right '   ><span class='avia_iconbox_title' >SAIBA MAIS<\/span><\/a><\/div><\/div>\n<\/div><\/div><\/div><!-- close content main div --><\/div><\/div><div id='av_section_2'  class='avia-section main_color avia-section-default avia-shadow  avia-bg-style-scroll  avia-builder-el-12  el_after_av_section  el_before_av_textblock   container_wrap sidebar_right' style=' '  ><div class='container' ><div class='template-page content  av-content-small alpha units'><div class='post-entry post-entry-type-page post-entry-1108'><div class='entry-content-wrapper clearfix'>\n<div class=\"flex_column av_one_full  flex_column_div first  avia-builder-el-13  avia-builder-el-no-sibling  \" ><p><div  style='padding-bottom:20px; ' class='av-special-heading av-special-heading-h4 meta-heading   avia-builder-el-14  el_before_av_progress  avia-builder-el-first  '><h4 class='av-special-heading-tag '  itemprop=\"headline\"  >VALORES<\/h4><div class='special-heading-border'><div class='special-heading-inner-border' ><\/div><\/div><\/div><br \/>\n<div  class='avia-progress-bar-container  avia_animate_when_almost_visible  avia-builder-el-15  el_after_av_heading  el_before_av_heading  av-striped-bar av-animated-bar '><div class='avia-progress-bar teal-bar icon-bar-no'><div class='progressbar-title-wrap'><div class='progressbar-icon'><span class='progressbar-char' aria-hidden='true' data-av_icon='\ue836' data-av_iconfont='entypo-fontello'><\/span><\/div><div class='progressbar-title'>QUALIDADE<\/div><\/div><div class='progress' ><div class='bar-outer'><div class='bar' style='width: 100%' data-progress='100'><\/div><\/div><\/div><\/div><div class='avia-progress-bar blue-bar icon-bar-no'><div class='progressbar-title-wrap'><div class='progressbar-icon'><span class='progressbar-char' aria-hidden='true' data-av_icon='\ue856' data-av_iconfont='entypo-fontello'><\/span><\/div><div class='progressbar-title'>CONFIABILIDADE <\/div><\/div><div class='progress' ><div class='bar-outer'><div class='bar' style='width: 100%' data-progress='100'><\/div><\/div><\/div><\/div><div class='avia-progress-bar orange-bar icon-bar-no'><div class='progressbar-title-wrap'><div class='progressbar-icon'><span class='progressbar-char' aria-hidden='true' data-av_icon='\ue800' data-av_iconfont='entypo-fontello'><\/span><\/div><div class='progressbar-title'>EXPERTISE<\/div><\/div><div class='progress' ><div class='bar-outer'><div class='bar' style='width: 100%' data-progress='100'><\/div><\/div><\/div><\/div><div class='avia-progress-bar silver-bar icon-bar-no'><div class='progressbar-title-wrap'><div class='progressbar-icon'><span class='progressbar-char' aria-hidden='true' data-av_icon='\ue800' data-av_iconfont='entypo-fontello'><\/span><\/div><div class='progressbar-title'>CONFIDENCIALIDADE<\/div><\/div><div class='progress' ><div class='bar-outer'><div class='bar' style='width: 100%' data-progress='100'><\/div><\/div><\/div><\/div><div class='avia-progress-bar green-bar icon-bar-no'><div class='progressbar-title-wrap'><div class='progressbar-icon'><span class='progressbar-char' aria-hidden='true' data-av_icon='\ue800' data-av_iconfont='entypo-fontello'><\/span><\/div><div class='progressbar-title'>RESPONSABILIDADE SOCIAL E AMBIENTAL<\/div><\/div><div class='progress' ><div class='bar-outer'><div class='bar' style='width: 100%' data-progress='100'><\/div><\/div><\/div><\/div><\/div><br \/>\n<div  style='padding-bottom:20px; ' class='av-special-heading av-special-heading-h4 meta-heading   avia-builder-el-16  el_after_av_progress  el_before_av_image  '><h4 class='av-special-heading-tag '  itemprop=\"headline\"  >ASSOCIA\u00c7\u00d5ES<\/h4><div class='special-heading-border'><div class='special-heading-inner-border' ><\/div><\/div><\/div><br \/>\n<div  class='avia-image-container  av-styling-    avia-builder-el-17  el_after_av_heading  el_before_av_image  avia-align-left '  itemprop=\"image\" itemscope=\"itemscope\" itemtype=\"https:\/\/schema.org\/ImageObject\"  ><div class='avia-image-container-inner'><div class='avia-image-overlay-wrap'><a href='https:\/\/bliss.org.br\/pt\/home\/' class='avia_image' target=\"_blank\" rel=\"noopener\"><img class='avia_image ' src='https:\/\/wordlink.com.br\/pt\/wp-content\/uploads\/2023\/04\/1a.jpg' alt='' title='Bliss'  itemprop=\"thumbnailUrl\"  \/><\/a><\/div><\/div><\/div><br \/>\n<div  class='avia-image-container  av-styling-    avia-builder-el-18  el_after_av_image  el_before_av_image  avia-align-left '  itemprop=\"image\" itemscope=\"itemscope\" itemtype=\"https:\/\/schema.org\/ImageObject\"  ><div class='avia-image-container-inner'><div class='avia-image-overlay-wrap'><a href='https:\/\/abrates.com.br\/' class='avia_image' target=\"_blank\" rel=\"noopener\"><img class='avia_image ' src='https:\/\/wordlink.com.br\/pt\/wp-content\/uploads\/2023\/04\/2.jpg' alt='' title='Abrates'  itemprop=\"thumbnailUrl\"  \/><\/a><\/div><\/div><\/div><br \/>\n<div  class='avia-image-container  av-styling-    avia-builder-el-19  el_after_av_image  avia-builder-el-last  avia-align-left '  itemprop=\"image\" itemscope=\"itemscope\" itemtype=\"https:\/\/schema.org\/ImageObject\"  ><div class='avia-image-container-inner'><div class='avia-image-overlay-wrap'><a href='https:\/\/www.atanet.org\/' class='avia_image' target=\"_blank\" rel=\"noopener\"><img class='avia_image ' src='https:\/\/wordlink.com.br\/pt\/wp-content\/uploads\/2023\/04\/3.jpg' alt='' title='Ata'  itemprop=\"thumbnailUrl\"  \/><\/a><\/div><\/div><\/div><\/p><\/div>\n<\/div><\/div><\/div><!-- close content main div --><\/div><\/div><div id='after_section_2'  class='main_color av_default_container_wrap container_wrap sidebar_right' style=' '  ><div class='container' ><div class='template-page content  av-content-small alpha units'><div class='post-entry post-entry-type-page post-entry-1108'><div class='entry-content-wrapper clearfix'><\/p>\n<section class=\"av_textblock_section \"  itemscope=\"itemscope\" itemtype=\"https:\/\/schema.org\/CreativeWork\" ><div class='avia_textblock  '   itemprop=\"text\" ><p style=\"text-align: center;\"><a href=\"https:\/\/wordlink.com.br\/pt\/termo-de-uso\/\">Termo de uso<\/a> |\u00a0 <a href=\"https:\/\/wordlink.com.br\/pt\/politica-de-privacidade\/\">Pol\u00edtica de Privacidade<\/a><\/p>\n<div id=\"gtx-trans\" style=\"position: absolute; left: -79px; top: -12.184px;\">\n<div class=\"gtx-trans-icon\"><\/div>\n<\/div>\n<\/div><\/section>\n","protected":false},"excerpt":{"rendered":"<p>This is a Page excerpt. It will be displayed for search results<\/p>\n","protected":false},"author":1,"featured_media":0,"parent":0,"menu_order":0,"comment_status":"closed","ping_status":"closed","template":"","meta":[],"_links":{"self":[{"href":"https:\/\/wordlink.com.br\/pt\/wp-json\/wp\/v2\/pages\/1108"}],"collection":[{"href":"https:\/\/wordlink.com.br\/pt\/wp-json\/wp\/v2\/pages"}],"about":[{"href":"https:\/\/wordlink.com.br\/pt\/wp-json\/wp\/v2\/types\/page"}],"author":[{"embeddable":true,"href":"https:\/\/wordlink.com.br\/pt\/wp-json\/wp\/v2\/users\/1"}],"replies":[{"embeddable":true,"href":"https:\/\/wordlink.com.br\/pt\/wp-json\/wp\/v2\/comments?post=1108"}],"version-history":[{"count":49,"href":"https:\/\/wordlink.com.br\/pt\/wp-json\/wp\/v2\/pages\/1108\/revisions"}],"predecessor-version":[{"id":3986,"href":"https:\/\/wordlink.com.br\/pt\/wp-json\/wp\/v2\/pages\/1108\/revisions\/3986"}],"wp:attachment":[{"href":"https:\/\/wordlink.com.br\/pt\/wp-json\/wp\/v2\/media?parent=1108"}],"curies":[{"name":"wp","href":"https:\/\/api.w.org\/{rel}","templated":true}]}}