{"id":1195,"date":"2013-04-05T16:38:18","date_gmt":"2013-04-05T16:38:18","guid":{"rendered":"http:\/\/www.kriesi.at\/themes\/enfold\/?page_id=1195"},"modified":"2025-10-02T17:13:03","modified_gmt":"2025-10-02T17:13:03","slug":"a-empresa","status":"publish","type":"page","link":"https:\/\/wordlink.com.br\/pt\/a-empresa\/","title":{"rendered":"A Empresa"},"content":{"rendered":"<div class=\"flex_column av_one_full  flex_column_div first  avia-builder-el-0  el_before_av_section  avia-builder-el-no-sibling  \" ><p><div  style='padding-bottom:10px; ' class='av-special-heading av-special-heading-h3 meta-heading   avia-builder-el-1  el_before_av_hr  avia-builder-el-first  '><h3 class='av-special-heading-tag '  itemprop=\"headline\"  >A Empresa<\/h3><div class='special-heading-border'><div class='special-heading-inner-border' ><\/div><\/div><\/div><br \/>\n<div  style='height:50px' class='hr hr-invisible   avia-builder-el-2  el_after_av_heading  el_before_av_textblock '><span class='hr-inner ' ><span class='hr-inner-style'><\/span><\/span><\/div><br \/>\n<section class=\"av_textblock_section \"  itemscope=\"itemscope\" itemtype=\"https:\/\/schema.org\/CreativeWork\" ><div class='avia_textblock  '   itemprop=\"text\" ><p>Desde 2001 no mercado, a Wordlink Tradu\u00e7\u00f5es oferece solu\u00e7\u00f5es lingu\u00edsticas personalizadas, com qualidade, confiabilidade e rapidez, sempre garantindo sigilo total aos clientes. Com a globaliza\u00e7\u00e3o da economia mundial e a consequente integra\u00e7\u00e3o de v\u00e1rios mercados, a tradu\u00e7\u00e3o tornou-se uma aliada das empresas que desejam aproveitar as oportunidades de expans\u00e3o de seus neg\u00f3cios. O advento do e-business e a populariza\u00e7\u00e3o do com\u00e9rcio on-line aumentaram a necessidade de as empresas apresentarem um diferencial multil\u00edngue em seus neg\u00f3cios. A tradu\u00e7\u00e3o tornou-se um recurso poderoso de marketing no mundo globalizado.<\/p>\n<p>Oferecemos desde servi\u00e7os individuais at\u00e9 pacotes completos de solu\u00e7\u00f5es lingu\u00edsticas que podem incluir tradu\u00e7\u00e3o, revis\u00e3o e diagrama\u00e7\u00e3o, entre outras etapas, sempre utilizando as ferramentas e os aplicativos mais modernos do mercado. Nossos profissionais especializados garantem, em cada etapa do processo, qualidade e entrega no prazo mais adequado. Nosso objetivo \u00e9 adaptar esses servi\u00e7os \u00e0s necessidades de sua empresa e, assim, alavancar seus neg\u00f3cios. Entre em contato conosco e criaremos <a href=\"https:\/\/wordlink.com.br\/pt\/tag\/servicos-linguisticos\/\" target=\"_blank\" rel=\"noopener\"><strong>solu\u00e7\u00f5es lingu\u00edsticas<\/strong><\/a> exclusivas que agregar\u00e3o mais valor aos seus produtos.<\/p>\n<\/div><\/section><\/p><\/div><\/div><\/div><\/div><!-- close content main div --><\/div><\/div><div id='av_section_1'  class='avia-section main_color avia-section-default avia-no-border-styling  av-section-color-overlay-active avia-bg-style-scroll  avia-builder-el-4  el_after_av_one_full  el_before_av_textblock   container_wrap sidebar_right' style='background-color: rgba(0,0,0,0.09); background-image: linear-gradient(#ededed,#bfbfbf); '  ><div class='av-section-color-overlay-wrap'><div class='av-section-color-overlay' style='opacity: 0.5; '><\/div><div class='container' ><div class='template-page content  av-content-small alpha units'><div class='post-entry post-entry-type-page post-entry-1195'><div class='entry-content-wrapper clearfix'>\n<div  style='padding-bottom:10px; ' class='av-special-heading av-special-heading-h1 meta-heading blockquote modern-quote modern-centered  avia-builder-el-5  el_before_av_one_third  avia-builder-el-first  '><h1 class='av-special-heading-tag '  itemprop=\"headline\"  ><b>Diferenciais Wordlink<\/b><\/h1><div class='special-heading-border'><div class='special-heading-inner-border' ><\/div><\/div><\/div>\n<div class=\"flex_column av_one_third  flex_column_div av-zero-column-padding first  avia-builder-el-6  el_after_av_heading  el_before_av_one_third  \" style='border-radius:0px; '><article  class=\"iconbox iconbox_top av-no-box   avia-builder-el-7  avia-builder-el-no-sibling  \"  itemscope=\"itemscope\" itemtype=\"https:\/\/schema.org\/CreativeWork\" ><div class=\"iconbox_content\"><header class=\"entry-content-header\"><div class=\"iconbox_icon heading-color \" aria-hidden='true' data-av_icon='\ue82b' data-av_iconfont='entypo-fontello'  style='background-color:#68a6e8; color:#ffffff; ' ><\/div><h3 class='iconbox_content_title  '  itemprop=\"headline\"  >CONFIABILIDADE<\/h3><\/header><div class='iconbox_content_container  '  itemprop=\"text\"  ><\/div><\/div><footer class=\"entry-footer\"><\/footer><\/article><\/div><div class=\"flex_column av_one_third  flex_column_div av-zero-column-padding   avia-builder-el-8  el_after_av_one_third  el_before_av_one_third  \" style='border-radius:0px; '><article  class=\"iconbox iconbox_top av-no-box   avia-builder-el-9  avia-builder-el-no-sibling  \"  itemscope=\"itemscope\" itemtype=\"https:\/\/schema.org\/CreativeWork\" ><div class=\"iconbox_content\"><header class=\"entry-content-header\"><div class=\"iconbox_icon heading-color \" aria-hidden='true' data-av_icon='\ue8a8' data-av_iconfont='entypo-fontello'  style='background-color:#68a6e8; color:#ffffff; ' ><\/div><h3 class='iconbox_content_title  '  itemprop=\"headline\"  >QUALIDADE<\/h3><\/header><div class='iconbox_content_container  '  itemprop=\"text\"  ><\/div><\/div><footer class=\"entry-footer\"><\/footer><\/article><\/div><div class=\"flex_column av_one_third  flex_column_div av-zero-column-padding   avia-builder-el-10  el_after_av_one_third  el_before_av_one_third  \" style='border-radius:0px; '><article  class=\"iconbox iconbox_top av-no-box   avia-builder-el-11  avia-builder-el-no-sibling  \"  itemscope=\"itemscope\" itemtype=\"https:\/\/schema.org\/CreativeWork\" ><div class=\"iconbox_content\"><header class=\"entry-content-header\"><div class=\"iconbox_icon heading-color \" aria-hidden='true' data-av_icon='\ue824' data-av_iconfont='entypo-fontello'  style='background-color:#68a6e8; color:#ffffff; ' ><\/div><h3 class='iconbox_content_title  '  itemprop=\"headline\"  >CONFIDENCIABILIDADE<\/h3><\/header><div class='iconbox_content_container  '  itemprop=\"text\"  ><\/div><\/div><footer class=\"entry-footer\"><\/footer><\/article><\/div><div class=\"flex_column av_one_third  flex_column_div av-zero-column-padding first  avia-builder-el-12  el_after_av_one_third  el_before_av_one_third  column-top-margin\" style='border-radius:0px; '><article  class=\"iconbox iconbox_top av-no-box   avia-builder-el-13  avia-builder-el-no-sibling  \"  itemscope=\"itemscope\" itemtype=\"https:\/\/schema.org\/CreativeWork\" ><div class=\"iconbox_content\"><header class=\"entry-content-header\"><div class=\"iconbox_icon heading-color \" aria-hidden='true' data-av_icon='\ue80b' data-av_iconfont='entypo-fontello'  style='background-color:#68a6e8; color:#ffffff; ' ><\/div><h3 class='iconbox_content_title  '  itemprop=\"headline\"  >RESPONSABILIDADE SOCIAL<\/h3><\/header><div class='iconbox_content_container  '  itemprop=\"text\"  ><\/div><\/div><footer class=\"entry-footer\"><\/footer><\/article><\/div><div class=\"flex_column av_one_third  flex_column_div av-zero-column-padding   avia-builder-el-14  el_after_av_one_third  el_before_av_one_third  column-top-margin\" style='border-radius:0px; '><article  class=\"iconbox iconbox_top av-no-box   avia-builder-el-15  avia-builder-el-no-sibling  \"  itemscope=\"itemscope\" itemtype=\"https:\/\/schema.org\/CreativeWork\" ><div class=\"iconbox_content\"><header class=\"entry-content-header\"><div class=\"iconbox_icon heading-color \" aria-hidden='true' data-av_icon='\ue864' data-av_iconfont='entypo-fontello'  style='background-color:#68a6e8; color:#ffffff; ' ><\/div><h3 class='iconbox_content_title  '  itemprop=\"headline\"  >EXPERTISE<\/h3><\/header><div class='iconbox_content_container  '  itemprop=\"text\"  ><\/div><\/div><footer class=\"entry-footer\"><\/footer><\/article><\/div><div class=\"flex_column av_one_third  flex_column_div av-zero-column-padding   avia-builder-el-16  el_after_av_one_third  avia-builder-el-last  column-top-margin\" style='border-radius:0px; '><article  class=\"iconbox iconbox_top av-no-box   avia-builder-el-17  avia-builder-el-no-sibling  \"  itemscope=\"itemscope\" itemtype=\"https:\/\/schema.org\/CreativeWork\" ><div class=\"iconbox_content\"><header class=\"entry-content-header\"><div class=\"iconbox_icon heading-color \" aria-hidden='true' data-av_icon='\ue8b8' data-av_iconfont='entypo-fontello'  style='background-color:#68a6e8; color:#ffffff; ' ><\/div><h3 class='iconbox_content_title  '  itemprop=\"headline\"  >RESPONSABILIDADE AMBIENTAL<\/h3><\/header><div class='iconbox_content_container  '  itemprop=\"text\"  ><\/div><\/div><footer class=\"entry-footer\"><\/footer><\/article><\/div>\n<\/div><\/div><\/div><!-- close content main div --><\/div><\/div><\/div><div id='after_section_1'  class='main_color av_default_container_wrap container_wrap sidebar_right' style=' '  ><div class='container' ><div class='template-page content  av-content-small alpha units'><div class='post-entry post-entry-type-page post-entry-1195'><div class='entry-content-wrapper clearfix'><\/p>\n<section class=\"av_textblock_section \"  itemscope=\"itemscope\" itemtype=\"https:\/\/schema.org\/CreativeWork\" ><div class='avia_textblock  '   itemprop=\"text\" ><p><strong>Miss\u00e3o:<\/strong> Facilitar a comunica\u00e7\u00e3o entre as pessoas com \u00e9tica e responsabilidade, independentemente dos idiomas envolvidos.<\/p>\n<p><strong>Vis\u00e3o:<\/strong> Prestar continuamente servi\u00e7os de excel\u00eancia no mercado de servi\u00e7os lingu\u00edsticos, trabalhando em parceria com os profissionais do setor de maneira \u00e9tica e respons\u00e1vel, para proporcionar aos clientes experi\u00eancias de valor.<\/p>\n<p><strong>Valores:<\/strong> Qualidade, confiabilidade, expertise, confidencialidade e responsabilidade social e ambiental.<\/p>\n<\/div><\/section>\n<div class=\"flex_column av_one_fifth  flex_column_div av-zero-column-padding first  avia-builder-el-19  el_after_av_textblock  el_before_av_three_fifth  column-top-margin\" style='border-radius:0px; '><\/div>\n<div class=\"flex_column av_three_fifth  flex_column_div av-zero-column-padding   avia-builder-el-20  el_after_av_one_fifth  el_before_av_one_fifth  column-top-margin\" style='border-radius:0px; '><div  class='avia-video avia-video-16-9   av-lazyload-immediate  av-lazyload-video-embed  '   itemprop=\"video\" itemtype=\"https:\/\/schema.org\/VideoObject\"  data-original_url='https:\/\/youtu.be\/MYxKASvL9PA' ><script type='text\/html' class='av-video-tmpl'><div class='avia-iframe-wrap'><iframe title=\"Servi\u00e7os da Wordlink Tradu\u00e7\u00f5es\" width=\"1500\" height=\"844\" src=\"https:\/\/www.youtube.com\/embed\/MYxKASvL9PA?feature=oembed&autoplay=0&loop=0&controls=1&mute=0\" frameborder=\"0\" allow=\"accelerometer; autoplay; clipboard-write; encrypted-media; gyroscope; picture-in-picture; web-share\" allowfullscreen><\/iframe><\/div><\/script><div class='av-click-to-play-overlay'><div class=\"avia_playpause_icon\"><\/div><\/div><\/div><\/div><div class=\"flex_column av_one_fifth  flex_column_div av-zero-column-padding   avia-builder-el-22  el_after_av_three_fifth  avia-builder-el-last  column-top-margin\" style='border-radius:0px; '><\/div><\/p>\n","protected":false},"excerpt":{"rendered":"","protected":false},"author":1,"featured_media":0,"parent":0,"menu_order":0,"comment_status":"open","ping_status":"closed","template":"","meta":[],"_links":{"self":[{"href":"https:\/\/wordlink.com.br\/pt\/wp-json\/wp\/v2\/pages\/1195"}],"collection":[{"href":"https:\/\/wordlink.com.br\/pt\/wp-json\/wp\/v2\/pages"}],"about":[{"href":"https:\/\/wordlink.com.br\/pt\/wp-json\/wp\/v2\/types\/page"}],"author":[{"embeddable":true,"href":"https:\/\/wordlink.com.br\/pt\/wp-json\/wp\/v2\/users\/1"}],"replies":[{"embeddable":true,"href":"https:\/\/wordlink.com.br\/pt\/wp-json\/wp\/v2\/comments?post=1195"}],"version-history":[{"count":50,"href":"https:\/\/wordlink.com.br\/pt\/wp-json\/wp\/v2\/pages\/1195\/revisions"}],"predecessor-version":[{"id":4119,"href":"https:\/\/wordlink.com.br\/pt\/wp-json\/wp\/v2\/pages\/1195\/revisions\/4119"}],"wp:attachment":[{"href":"https:\/\/wordlink.com.br\/pt\/wp-json\/wp\/v2\/media?parent=1195"}],"curies":[{"name":"wp","href":"https:\/\/api.w.org\/{rel}","templated":true}]}}