{"id":1212,"date":"2013-04-05T17:05:24","date_gmt":"2013-04-05T17:05:24","guid":{"rendered":"http:\/\/www.kriesi.at\/themes\/enfold\/?page_id=1212"},"modified":"2024-05-02T18:25:41","modified_gmt":"2024-05-02T18:25:41","slug":"equipe","status":"publish","type":"page","link":"https:\/\/wordlink.com.br\/pt\/equipe\/","title":{"rendered":"Equipe"},"content":{"rendered":"<div class=\"flex_column av_one_full  flex_column_div first  avia-builder-el-0  el_before_av_heading  avia-builder-el-first  \" ><p><div  style='padding-bottom:10px; ' class='av-special-heading av-special-heading-h2    avia-builder-el-1  el_before_av_image  avia-builder-el-first  '><h2 class='av-special-heading-tag '  itemprop=\"headline\"  >Equipe de Especialistas<\/h2><div class='special-heading-border'><div class='special-heading-inner-border' ><\/div><\/div><\/div><br \/>\n<div  class='avia-image-container  av-styling-    avia-builder-el-2  el_after_av_heading  el_before_av_hr  avia-align-left '  itemprop=\"image\" itemscope=\"itemscope\" itemtype=\"https:\/\/schema.org\/ImageObject\"  ><div class='avia-image-container-inner'><div class='avia-image-overlay-wrap'><img class='avia_image' src='https:\/\/wordlink.com.br\/pt\/wp-content\/uploads\/2013\/04\/capa4-1210x423.jpg' alt='' title='capa4' height=\"423\" width=\"1210\"  itemprop=\"thumbnailUrl\"  \/><\/div><\/div><\/div><br \/>\n<div   class='hr hr-default   avia-builder-el-3  el_after_av_image  el_before_av_textblock '><span class='hr-inner ' ><span class='hr-inner-style'><\/span><\/span><\/div><br \/>\n<section class=\"av_textblock_section \"  itemscope=\"itemscope\" itemtype=\"https:\/\/schema.org\/CreativeWork\" ><div class='avia_textblock  '   itemprop=\"text\" ><h2><\/h2>\n<h3><strong>Linguistas<\/strong><\/h3>\n<p>Nossos tradutores e revisores s\u00e3o nativos nos idiomas para o qual traduzem e revisam e possuem conhecimentos t\u00e9cnicos especializados para produzir textos gramaticalmente corretos e adequados a seus leitores-alvo. Toda a equipe utiliza as ferramentas mais modernas do mercado, o que a torna produtiva e eficiente. Produzimos documentos fi\u00e9is aos originais, gerenciamos terminologia e controlamos a qualidade de todos os trabalhos.<\/p>\n<h3><strong>Especialistas em cria\u00e7\u00e3o e dados<\/strong><\/h3>\n<p>Contamos com uma equipe especializada em Marketing, Transcria\u00e7\u00e3o, Experi\u00eancia do Cliente (UX), SEO, transcri\u00e7\u00f5es, coletas de dados, cria\u00e7\u00e3o de perguntas e respostas, entre outras especialidades, para garantir a competitividade do seu conte\u00fado no mercado-alvo.<\/p>\n<h3><strong>Profissionais de Diagrama\u00e7\u00e3o (DTP)<\/strong><\/h3>\n<p>Nossos especialistas em diagrama\u00e7\u00e3o (editora\u00e7\u00e3o eletr\u00f4nica) est\u00e3o prontos para adequar a apar\u00eancia do seu documento aos seus neg\u00f3cios. Trabalhamos com diversos aplicativos de ponta e produzimos um documento final pronto para impress\u00e3o ou visualiza\u00e7\u00e3o on-line.<\/p>\n<h3><strong>Gerentes de Projetos<\/strong><\/h3>\n<p>Nossos gerentes experientes garantem o completo gerenciamento das etapas do seu projeto, desde a an\u00e1lise dos arquivos at\u00e9 a entrega, com o aux\u00edlio dos melhores softwares de gerenciamento de projetos do mercado.<\/p>\n<h2><\/h2>\n<\/div><\/section><\/p><\/div>\n<div  style='padding-bottom:10px; ' class='av-special-heading av-special-heading-h2    avia-builder-el-5  el_after_av_one_full  el_before_av_one_half  '><h2 class='av-special-heading-tag '  itemprop=\"headline\"  >Diretoria<\/h2><div class='special-heading-border'><div class='special-heading-inner-border' ><\/div><\/div><\/div>\n<div class=\"flex_column av_one_half  flex_column_div av-zero-column-padding first  avia-builder-el-6  el_after_av_heading  el_before_av_one_half  \" style='border-radius:0px; '><p><div  class='avia-image-container  av-styling-    avia-builder-el-7  el_before_av_textblock  avia-builder-el-first  avia-align-center '  itemprop=\"image\" itemscope=\"itemscope\" itemtype=\"https:\/\/schema.org\/ImageObject\"  ><div class='avia-image-container-inner'><div class='avia-image-overlay-wrap'><img class='avia_image' src='https:\/\/wordlink.com.br\/pt\/wp-content\/uploads\/2024\/05\/Gisley-Ferreira-\u2013-Gerente-Geral.jpg' alt='' title='Gisley Ferreira \u2013 Gerente Geral' height=\"800\" width=\"1200\"  itemprop=\"thumbnailUrl\"  \/><\/div><\/div><\/div><br \/>\n<section class=\"av_textblock_section \"  itemscope=\"itemscope\" itemtype=\"https:\/\/schema.org\/CreativeWork\" ><div class='avia_textblock  '   itemprop=\"text\" ><h3>Gisley Ferreira &#8211; Gerente Geral<\/h3>\n<p>Atuou de 1990 a 2000 no mercado como tradutora interna, revisora-chefe e Coordenadora de Qualidade em duas\u00a0 multinacionais americanas do setor de TI e como freelancer em v\u00e1rias \u00e1reas de atua\u00e7\u00e3o. \u00c9 falante nativa de portugu\u00eas brasileiro e tem vasta experi\u00eancia com a l\u00edngua inglesa. \u00c9 bacharel e licenciada em ingl\u00eas e literaturas americana e inglesa, com p\u00f3s-gradua\u00e7\u00e3o em tradu\u00e7\u00e3o nos idiomas ingl\u00eas e portugu\u00eas, e bacharel em espanhol e portugu\u00eas e suas respectivas literaturas. Em abril de 2001, fundou a Wordlink Tradu\u00e7\u00f5es com o intuito de atender cada vez mais aos seus clientes e ampliou sua \u00e1rea de atua\u00e7\u00e3o, passando a oferecer pacotes completos de solu\u00e7\u00f5es lingu\u00edsticas, incluindo, al\u00e9m da tradu\u00e7\u00e3o, servi\u00e7os de revis\u00e3o e editora\u00e7\u00e3o, sempre utilizando as ferramentas e os aplicativos mais modernos do mercado. Hoje, atua como gerente de projetos s\u00eanior e revisora-chefe, al\u00e9m de supervisionar toda a equipe da empresa e acompanhar de perto o andamento dos projetos.<\/p>\n<\/div><\/section><\/p><\/div><div class=\"flex_column av_one_half  flex_column_div av-zero-column-padding   avia-builder-el-9  el_after_av_one_half  avia-builder-el-last  \" style='border-radius:0px; '><p><div  class='avia-image-container  av-styling-    avia-builder-el-10  el_before_av_textblock  avia-builder-el-first  avia-align-center '  itemprop=\"image\" itemscope=\"itemscope\" itemtype=\"https:\/\/schema.org\/ImageObject\"  ><div class='avia-image-container-inner'><div class='avia-image-overlay-wrap'><img class='avia_image' src='https:\/\/wordlink.com.br\/pt\/wp-content\/uploads\/2024\/05\/Erio-Donnamaria-\u2013-Gerente-Administrativo-e-TI.jpg' alt='' title='Erio Donnamaria \u2013 Gerente Administrativo e TI' height=\"800\" width=\"1200\"  itemprop=\"thumbnailUrl\"  \/><\/div><\/div><\/div><br \/>\n<section class=\"av_textblock_section \"  itemscope=\"itemscope\" itemtype=\"https:\/\/schema.org\/CreativeWork\" ><div class='avia_textblock  '   itemprop=\"text\" ><h3>Erio Donnamaria &#8211; Gerente Administrativo e TI<\/h3>\n<p>Trabalhou por 30 anos em uma multinacional americana do setor de TI, onde desempenhou as fun\u00e7\u00f5es de Representante T\u00e9cnico de produtos de alta tecnologia da \u00e1rea de impress\u00e3o gr\u00e1fica, de L\u00edder de Equipes T\u00e9cnicas e de Instrutor T\u00e9cnico, o que o levou a fazer in\u00fameros cursos no Centro de Treinamento T\u00e9cnico da empresa em Leesburg, EUA, para adquirir conhecimentos sobre os produtos em lan\u00e7amento e depois desenvolver e programar treinamentos para as equipes t\u00e9cnicas brasileiras. \u00c9 especialista em dispositivos conectados, redes e servidores. Em 2006, juntou-se \u00e0 equipe da Wordlink, onde hoje desempenha as fun\u00e7\u00f5es de ger\u00eancia administrativa, financeira e de TI.<\/p>\n<\/div><\/section><\/p><\/div><\/p>\n","protected":false},"excerpt":{"rendered":"","protected":false},"author":1,"featured_media":0,"parent":0,"menu_order":0,"comment_status":"closed","ping_status":"closed","template":"","meta":[],"_links":{"self":[{"href":"https:\/\/wordlink.com.br\/pt\/wp-json\/wp\/v2\/pages\/1212"}],"collection":[{"href":"https:\/\/wordlink.com.br\/pt\/wp-json\/wp\/v2\/pages"}],"about":[{"href":"https:\/\/wordlink.com.br\/pt\/wp-json\/wp\/v2\/types\/page"}],"author":[{"embeddable":true,"href":"https:\/\/wordlink.com.br\/pt\/wp-json\/wp\/v2\/users\/1"}],"replies":[{"embeddable":true,"href":"https:\/\/wordlink.com.br\/pt\/wp-json\/wp\/v2\/comments?post=1212"}],"version-history":[{"count":27,"href":"https:\/\/wordlink.com.br\/pt\/wp-json\/wp\/v2\/pages\/1212\/revisions"}],"predecessor-version":[{"id":4056,"href":"https:\/\/wordlink.com.br\/pt\/wp-json\/wp\/v2\/pages\/1212\/revisions\/4056"}],"wp:attachment":[{"href":"https:\/\/wordlink.com.br\/pt\/wp-json\/wp\/v2\/media?parent=1212"}],"curies":[{"name":"wp","href":"https:\/\/api.w.org\/{rel}","templated":true}]}}