{"id":1302,"date":"2013-04-07T16:28:54","date_gmt":"2013-04-07T16:28:54","guid":{"rendered":"http:\/\/www.kriesi.at\/themes\/enfold\/?page_id=1302"},"modified":"2025-10-02T17:15:52","modified_gmt":"2025-10-02T17:15:52","slug":"servico","status":"publish","type":"page","link":"https:\/\/wordlink.com.br\/pt\/servico\/","title":{"rendered":"Servi\u00e7os"},"content":{"rendered":"<div id='av_section_1'  class='avia-section main_color avia-section-default avia-no-border-styling  av-section-color-overlay-active avia-bg-style-scroll  avia-builder-el-0  el_before_av_image  avia-builder-el-first   container_wrap sidebar_right' style='background-color: rgba(0,0,0,0.09); background-image: linear-gradient(#ededed,#bfbfbf); '  ><div class='av-section-color-overlay-wrap'><div class='av-section-color-overlay' style='opacity: 0.5; '><\/div><div class='container' ><main  role=\"main\" itemprop=\"mainContentOfPage\"  class='template-page content  av-content-small alpha units'><div class='post-entry post-entry-type-page post-entry-1302'><div class='entry-content-wrapper clearfix'>\n<div  style='padding-bottom:10px; ' class='av-special-heading av-special-heading-h1 meta-heading blockquote modern-quote modern-centered  avia-builder-el-1  el_before_av_one_third  avia-builder-el-first  '><h1 class='av-special-heading-tag '  itemprop=\"headline\"  ><b>Servi\u00e7os Wordlink<\/b><\/h1><div class='special-heading-border'><div class='special-heading-inner-border' ><\/div><\/div><\/div>\n<div class=\"flex_column av_one_third  flex_column_div av-zero-column-padding first  avia-builder-el-2  el_after_av_heading  el_before_av_one_third  \" style='border-radius:0px; '><article  class=\"iconbox iconbox_top main_color    avia-builder-el-3  avia-builder-el-no-sibling  \"  itemscope=\"itemscope\" itemtype=\"https:\/\/schema.org\/CreativeWork\" ><div class=\"iconbox_content\"><header class=\"entry-content-header\"><div class=\"iconbox_icon heading-color \" aria-hidden='true' data-av_icon='\ue864' data-av_iconfont='entypo-fontello'  style='background-color:#68a6e8; color:#ffffff; ' ><\/div><h3 class='iconbox_content_title  '  itemprop=\"headline\"  >CRIA\u00c7\u00c3O DE CONTE\u00daDO E MARKETING<\/h3><\/header><div class='iconbox_content_container  '  itemprop=\"text\"  ><p style=\"text-align: left;\">Tradu\u00e7\u00e3o criativa e adapta\u00e7\u00e3o de campanhas e textos e materiais promocionais, pesquisas de mercado,\u00a0 Produ\u00e7\u00e3o de conte\u00fado, Experi\u00eancia do Cliente (UX), SEO, transcri\u00e7\u00f5es, coletas de dados, cria\u00e7\u00e3o de perguntas e respostas.<\/p>\n<\/div><\/div><footer class=\"entry-footer\"><\/footer><\/article><\/div><div class=\"flex_column av_one_third  flex_column_div av-zero-column-padding   avia-builder-el-4  el_after_av_one_third  el_before_av_one_third  \" style='border-radius:0px; '><article  class=\"iconbox iconbox_top main_color    avia-builder-el-5  avia-builder-el-no-sibling  \"  itemscope=\"itemscope\" itemtype=\"https:\/\/schema.org\/CreativeWork\" ><div class=\"iconbox_content\"><header class=\"entry-content-header\"><div class=\"iconbox_icon heading-color \" aria-hidden='true' data-av_icon='\ue8d4' data-av_iconfont='entypo-fontello'  style='background-color:#68a6e8; color:#ffffff; ' ><\/div><h3 class='iconbox_content_title  '  itemprop=\"headline\"  >SERVI\u00c7OS DE DADOS<\/h3><\/header><div class='iconbox_content_container  '  itemprop=\"text\"  ><ul>\n<li style=\"text-align: left;\">Transcri\u00e7\u00e3o,<\/li>\n<li style=\"text-align: left;\">Coleta de Dados,<\/li>\n<li style=\"text-align: left;\">Cria\u00e7\u00e3o de Perguntas e Respostas.<\/li>\n<\/ul>\n<\/div><\/div><footer class=\"entry-footer\"><\/footer><\/article><\/div><div class=\"flex_column av_one_third  flex_column_div av-zero-column-padding   avia-builder-el-6  el_after_av_one_third  el_before_av_one_third  \" style='border-radius:0px; '><article  class=\"iconbox iconbox_top main_color    avia-builder-el-7  avia-builder-el-no-sibling  \"  itemscope=\"itemscope\" itemtype=\"https:\/\/schema.org\/CreativeWork\" ><div class=\"iconbox_content\"><header class=\"entry-content-header\"><div class=\"iconbox_icon heading-color \" aria-hidden='true' data-av_icon='\ue8b1' data-av_iconfont='entypo-fontello'  style='background-color:#68a6e8; color:#ffffff; ' ><\/div><h3 class='iconbox_content_title  '  itemprop=\"headline\"  >LOCALIZA\u00c7\u00c3O<\/h3><\/header><div class='iconbox_content_container  '  itemprop=\"text\"  ><p style=\"text-align: left;\">Adapta\u00e7\u00e3o de seu produto para mercados externos, do r\u00f3tulo \u00e0 documenta\u00e7\u00e3o e websites para e-commerce,<br \/>\nApoio lingu\u00edstico em todas as etapas, Software, websites, SEO.<\/p>\n<\/div><\/div><footer class=\"entry-footer\"><\/footer><\/article><\/div><div class=\"flex_column av_one_third  flex_column_div av-zero-column-padding first  avia-builder-el-8  el_after_av_one_third  el_before_av_one_third  column-top-margin\" style='border-radius:0px; '><article  class=\"iconbox iconbox_top main_color    avia-builder-el-9  avia-builder-el-no-sibling  \"  itemscope=\"itemscope\" itemtype=\"https:\/\/schema.org\/CreativeWork\" ><div class=\"iconbox_content\"><header class=\"entry-content-header\"><div class=\"iconbox_icon heading-color \" aria-hidden='true' data-av_icon='\ue8a2' data-av_iconfont='entypo-fontello'  style='background-color:#68a6e8; color:#ffffff; ' ><\/div><h3 class='iconbox_content_title  '  itemprop=\"headline\"  >REVIS\u00c3O E CONTROLE DE QUALIDADE<\/h3><\/header><div class='iconbox_content_container  '  itemprop=\"text\"  ><p style=\"text-align: left;\">Revis\u00e3o lingu\u00edstica e t\u00e9cnica. Controle de qualidade, Gerenciamento de terminologia, Guia de estilo e padr\u00f5es, Adapta\u00e7\u00f5es de portugu\u00eas europeu para portugu\u00eas brasileiro, Revis\u00e3o de textos traduzidos por softwares de tradu\u00e7\u00e3o autom\u00e1tica (post-editing) e Confer\u00eancia de documentos finalizados: texto, diagrama\u00e7\u00e3o, PDF (Language Sign-Off).<\/p>\n<\/div><\/div><footer class=\"entry-footer\"><\/footer><\/article><\/div><div class=\"flex_column av_one_third  flex_column_div av-zero-column-padding   avia-builder-el-10  el_after_av_one_third  el_before_av_one_third  column-top-margin\" style='border-radius:0px; '><article  class=\"iconbox iconbox_top main_color    avia-builder-el-11  avia-builder-el-no-sibling  \"  itemscope=\"itemscope\" itemtype=\"https:\/\/schema.org\/CreativeWork\" ><div class=\"iconbox_content\"><header class=\"entry-content-header\"><div class=\"iconbox_icon heading-color \" aria-hidden='true' data-av_icon='\ue83a' data-av_iconfont='entypo-fontello'  style='background-color:#68a6e8; color:#ffffff; ' ><\/div><h3 class='iconbox_content_title  '  itemprop=\"headline\"  >TRADU\u00c7\u00c3O<\/h3><\/header><div class='iconbox_content_container  '  itemprop=\"text\"  ><p style=\"text-align: left;\">Tradu\u00e7\u00f5es t\u00e9cnicas e comerciais,Publica\u00e7\u00f5es para web ou impress\u00e3o, Documentos escolares e contratos (juramentados ou certificados), Legendagem, transcri\u00e7\u00e3o, voice over, dublagem de v\u00eddeos,<br \/>\nInterpreta\u00e7\u00e3o consecutiva e simult\u00e2nea on-line ou presencial.<\/p>\n<\/div><\/div><footer class=\"entry-footer\"><\/footer><\/article><\/div><div class=\"flex_column av_one_third  flex_column_div av-zero-column-padding   avia-builder-el-12  el_after_av_one_third  avia-builder-el-last  column-top-margin\" style='border-radius:0px; '><article  class=\"iconbox iconbox_top main_color    avia-builder-el-13  avia-builder-el-no-sibling  \"  itemscope=\"itemscope\" itemtype=\"https:\/\/schema.org\/CreativeWork\" ><div class=\"iconbox_content\"><header class=\"entry-content-header\"><div class=\"iconbox_icon heading-color \" aria-hidden='true' data-av_icon='\ue80e' data-av_iconfont='entypo-fontello'  style='background-color:#68a6e8; color:#ffffff; ' ><\/div><h3 class='iconbox_content_title  '  itemprop=\"headline\"  >DIAGRAMA\u00c7\u00c3O (DTP)<\/h3><\/header><div class='iconbox_content_container  '  itemprop=\"text\"  ><p style=\"text-align: left;\">Adequamos a apar\u00eancia do seu documento \u00e0s necessidades dos seus neg\u00f3cios, Softwares de ponta para editora\u00e7\u00e3o eletr\u00f4nica e tratamento de imagens e Documentos finalizados prontos para impress\u00e3o ou visualiza\u00e7\u00e3o on-line.<\/p>\n<\/div><\/div><footer class=\"entry-footer\"><\/footer><\/article><\/div><\/div><\/div><\/main><!-- close content main element --><\/div><\/div><\/div><div id='after_section_1'  class='main_color av_default_container_wrap container_wrap sidebar_right' style=' '  ><div class='container' ><div class='template-page content  av-content-small alpha units'><div class='post-entry post-entry-type-page post-entry-1302'><div class='entry-content-wrapper clearfix'><div  class='avia-image-container  av-styling-    avia-builder-el-14  el_after_av_section  el_before_av_heading  avia-builder-el-first  avia-align-center '  itemprop=\"image\" itemscope=\"itemscope\" itemtype=\"https:\/\/schema.org\/ImageObject\"  ><div class='avia-image-container-inner'><div class='avia-image-overlay-wrap'><img class='avia_image' src='https:\/\/wordlink.com.br\/pt\/wp-content\/uploads\/2024\/05\/wordlink.jpg' alt='' title='wordlink' height=\"687\" width=\"1030\"  itemprop=\"thumbnailUrl\"  \/><\/div><\/div><\/div><\/p>\n<div  style='padding-bottom:20px; ' class='av-special-heading av-special-heading-h4 meta-heading   avia-builder-el-15  el_after_av_image  el_before_av_progress  '><h4 class='av-special-heading-tag '  itemprop=\"headline\"  >IDIOMAS<\/h4><div class='special-heading-border'><div class='special-heading-inner-border' ><\/div><\/div><\/div>\n<div  class='avia-progress-bar-container  avia_animate_when_almost_visible  avia-builder-el-16  el_after_av_heading  avia-builder-el-last  av-striped-bar av-animated-bar '><div class='avia-progress-bar green-bar icon-bar-no'><div class='progressbar-title-wrap'><div class='progressbar-icon'><span class='progressbar-char' aria-hidden='true' data-av_icon='\ue836' data-av_iconfont='entypo-fontello'><\/span><\/div><div class='progressbar-title'>PORTUGU\u00caS<\/div><\/div><div class='progress' ><div class='bar-outer'><div class='bar' style='width: 100%' data-progress='100'><\/div><\/div><\/div><\/div><div class='avia-progress-bar blue-bar icon-bar-no'><div class='progressbar-title-wrap'><div class='progressbar-icon'><span class='progressbar-char' aria-hidden='true' data-av_icon='\ue856' data-av_iconfont='entypo-fontello'><\/span><\/div><div class='progressbar-title'>INGL\u00caS <\/div><\/div><div class='progress' ><div class='bar-outer'><div class='bar' style='width: 100%' data-progress='100'><\/div><\/div><\/div><\/div><div class='avia-progress-bar orange-bar icon-bar-no'><div class='progressbar-title-wrap'><div class='progressbar-icon'><span class='progressbar-char' aria-hidden='true' data-av_icon='\ue800' data-av_iconfont='entypo-fontello'><\/span><\/div><div class='progressbar-title'>ESPANHOL<\/div><\/div><div class='progress' ><div class='bar-outer'><div class='bar' style='width: 100%' data-progress='100'><\/div><\/div><\/div><\/div><div class='avia-progress-bar silver-bar icon-bar-no'><div class='progressbar-title-wrap'><div class='progressbar-icon'><span class='progressbar-char' aria-hidden='true' data-av_icon='\ue800' data-av_iconfont='entypo-fontello'><\/span><\/div><div class='progressbar-title'>E V\u00c1RIOS OUTROS<\/div><\/div><div class='progress' ><div class='bar-outer'><div class='bar' style='width: 100%' data-progress='100'><\/div><\/div><\/div><\/div><\/div>\n","protected":false},"excerpt":{"rendered":"","protected":false},"author":1,"featured_media":0,"parent":0,"menu_order":0,"comment_status":"open","ping_status":"closed","template":"","meta":[],"_links":{"self":[{"href":"https:\/\/wordlink.com.br\/pt\/wp-json\/wp\/v2\/pages\/1302"}],"collection":[{"href":"https:\/\/wordlink.com.br\/pt\/wp-json\/wp\/v2\/pages"}],"about":[{"href":"https:\/\/wordlink.com.br\/pt\/wp-json\/wp\/v2\/types\/page"}],"author":[{"embeddable":true,"href":"https:\/\/wordlink.com.br\/pt\/wp-json\/wp\/v2\/users\/1"}],"replies":[{"embeddable":true,"href":"https:\/\/wordlink.com.br\/pt\/wp-json\/wp\/v2\/comments?post=1302"}],"version-history":[{"count":36,"href":"https:\/\/wordlink.com.br\/pt\/wp-json\/wp\/v2\/pages\/1302\/revisions"}],"predecessor-version":[{"id":4058,"href":"https:\/\/wordlink.com.br\/pt\/wp-json\/wp\/v2\/pages\/1302\/revisions\/4058"}],"wp:attachment":[{"href":"https:\/\/wordlink.com.br\/pt\/wp-json\/wp\/v2\/media?parent=1302"}],"curies":[{"name":"wp","href":"https:\/\/api.w.org\/{rel}","templated":true}]}}