{"id":3719,"date":"2023-07-06T13:42:03","date_gmt":"2023-07-06T13:42:03","guid":{"rendered":"https:\/\/wordlink.com.br\/pt\/?page_id=3719"},"modified":"2023-09-14T19:34:04","modified_gmt":"2023-09-14T19:34:04","slug":"imprensa","status":"publish","type":"page","link":"https:\/\/wordlink.com.br\/pt\/imprensa\/","title":{"rendered":"Saiu na imprensa"},"content":{"rendered":"<div id='full_slider_1'  class='avia-fullwidth-slider main_color avia-shadow   avia-builder-el-0  el_before_av_one_full  avia-builder-el-first   container_wrap sidebar_right' style=' '  ><div   data-size='featured'  data-lightbox_size='large'  data-animation='slide'  data-conditional_play=''  data-ids='3723'  data-video_counter='0'  data-autoplay='false'  data-bg_slider='false'  data-slide_height=''  data-handle='av_slideshow_full'  data-interval='5'  data-class=' '  data-el_id=''  data-css_id=''  data-scroll_down=''  data-control_layout='av-control-default'  data-custom_markup=''  data-perma_caption=''  data-autoplay_stopper=''  data-image_attachment=''  data-min_height='0px'  data-src=''  data-position='top left'  data-repeat='no-repeat'  data-attach='scroll'  data-stretch=''  data-default-height='28.666666666667'  class='avia-slideshow avia-slideshow-1  av-control-default av-default-height-applied avia-slideshow-featured av_slideshow_full   avia-slide-slider '  itemprop=\"image\" itemscope=\"itemscope\" itemtype=\"https:\/\/schema.org\/ImageObject\" ><ul class='avia-slideshow-inner ' style='padding-bottom: 23.333333333333%;' ><li  class=' av-single-slide slide-1 ' ><div data-rel='slideshow-1' class='avia-slide-wrap '   ><img src='https:\/\/wordlink.com.br\/pt\/wp-content\/uploads\/2023\/07\/imprensa.jpg' width='1500' height='350' title='imprensa' alt=''  itemprop=\"thumbnailUrl\"   \/><\/div><\/li><\/ul><\/div><\/div><div id='after_full_slider_1'  class='main_color av_default_container_wrap container_wrap sidebar_right' style=' '  ><div class='container' ><div class='template-page content  av-content-small alpha units'><div class='post-entry post-entry-type-page post-entry-3719'><div class='entry-content-wrapper clearfix'>\n<div class=\"flex_column av_one_full  flex_column_div first  avia-builder-el-1  el_after_av_slideshow_full  avia-builder-el-no-sibling  \" ><p><div  style='padding-bottom:10px; ' class='av-special-heading av-special-heading-h3 meta-heading   avia-builder-el-2  el_before_av_toggle_container  avia-builder-el-first  '><h3 class='av-special-heading-tag '  itemprop=\"headline\"  >Saiu na imprensa<\/h3><div class='special-heading-border'><div class='special-heading-inner-border' ><\/div><\/div><\/div><br \/>\n<div  class=\"togglecontainer   toggle_close_all  avia-builder-el-3  el_after_av_heading  avia-builder-el-last \" ><section class=\"av_toggle_section\"  itemscope=\"itemscope\" itemtype=\"https:\/\/schema.org\/CreativeWork\"  >    <div role=\"tablist\" class=\"single_toggle\" data-tags=\"{Todos} \"  >        <p data-fake-id=\"#toggle-id-1\" class=\"toggler \"  itemprop=\"headline\"    role=\"tab\" tabindex=\"0\" aria-controls=\"toggle-id-1-container\">EGO BRAZIL - Wordlink brilha no Congresso Internacional da Abrates<span class=\"toggle_icon\" >        <span class=\"vert_icon\"><\/span><span class=\"hor_icon\"><\/span><\/span><\/p>        <div id=\"toggle-id-1-container\" class=\"toggle_wrap \"  >            <div class=\"toggle_content invers-color \"  itemprop=\"text\"   ><p><a href=\"https:\/\/egobrazil.ig.com.br\/wordlink-brilha-no-congresso-internacional-da-abrates\/\" target=\"_blank\" rel=\"noopener\">https:\/\/egobrazil.ig.com.br\/wordlink-brilha-no-congresso-internacional-da-abrates\/<\/a><\/p>\n            <\/div>        <\/div>    <\/div><\/section><section class=\"av_toggle_section\"  itemscope=\"itemscope\" itemtype=\"https:\/\/schema.org\/CreativeWork\"  >    <div role=\"tablist\" class=\"single_toggle\" data-tags=\"{Todos} \"  >        <p data-fake-id=\"#toggle-id-2\" class=\"toggler \"  itemprop=\"headline\"    role=\"tab\" tabindex=\"0\" aria-controls=\"toggle-id-2-container\">RIO EM FOCO - Impulsionando Neg\u00f3cios Globais: Wordlink Tradu\u00e7\u00f5es e o Poder da Transcria\u00e7\u00e3o<span class=\"toggle_icon\" >        <span class=\"vert_icon\"><\/span><span class=\"hor_icon\"><\/span><\/span><\/p>        <div id=\"toggle-id-2-container\" class=\"toggle_wrap \"  >            <div class=\"toggle_content invers-color \"  itemprop=\"text\"   ><p>https:\/\/www.rioemfoco.com.br\/2023\/06\/18\/impulsionando-negocios-globais-wordlink-traducoes-e-o-poder-da-transcriacao\/<\/p>\n            <\/div>        <\/div>    <\/div><\/section><section class=\"av_toggle_section\"  itemscope=\"itemscope\" itemtype=\"https:\/\/schema.org\/CreativeWork\"  >    <div role=\"tablist\" class=\"single_toggle\" data-tags=\"{Todos} \"  >        <p data-fake-id=\"#toggle-id-3\" class=\"toggler \"  itemprop=\"headline\"    role=\"tab\" tabindex=\"0\" aria-controls=\"toggle-id-3-container\">ACONTECE EM SAMPA - Wordlink Tradu\u00e7\u00f5es: Seu parceiro confi\u00e1vel para expans\u00e3o global dos neg\u00f3cios<span class=\"toggle_icon\" >        <span class=\"vert_icon\"><\/span><span class=\"hor_icon\"><\/span><\/span><\/p>        <div id=\"toggle-id-3-container\" class=\"toggle_wrap \"  >            <div class=\"toggle_content invers-color \"  itemprop=\"text\"   ><p>https:\/\/www.aconteceemsampa.com.br\/2023\/06\/19\/wordlink-traducoes-seu-parceiro-confiavel-para-expansao-global-dos-negocios\/<\/p>\n            <\/div>        <\/div>    <\/div><\/section><section class=\"av_toggle_section\"  itemscope=\"itemscope\" itemtype=\"https:\/\/schema.org\/CreativeWork\"  >    <div role=\"tablist\" class=\"single_toggle\" data-tags=\"{Todos} \"  >        <p data-fake-id=\"#toggle-id-4\" class=\"toggler \"  itemprop=\"headline\"    role=\"tab\" tabindex=\"0\" aria-controls=\"toggle-id-4-container\">RIO NOT\u00cdCIAS - Localiza\u00e7\u00e3o e Internacionaliza\u00e7\u00e3o no Mundo dos Neg\u00f3cios: A Experi\u00eancia da Wordlink Tradu\u00e7\u00f5es<span class=\"toggle_icon\" >        <span class=\"vert_icon\"><\/span><span class=\"hor_icon\"><\/span><\/span><\/p>        <div id=\"toggle-id-4-container\" class=\"toggle_wrap \"  >            <div class=\"toggle_content invers-color \"  itemprop=\"text\"   ><p>https:\/\/www.rionoticias.com.br\/localizacao-e-internacionalizacao-no-mundo-dos-negocios-a-experiencia-da-wordlink-traducoes\/<\/p>\n            <\/div>        <\/div>    <\/div><\/section><section class=\"av_toggle_section\"  itemscope=\"itemscope\" itemtype=\"https:\/\/schema.org\/CreativeWork\"  >    <div role=\"tablist\" class=\"single_toggle\" data-tags=\"{Todos} \"  >        <p data-fake-id=\"#toggle-id-5\" class=\"toggler \"  itemprop=\"headline\"    role=\"tab\" tabindex=\"0\" aria-controls=\"toggle-id-5-container\">ACHADO TOP: WORDLINK TRADU\u00c7\u00d5ES: COMUNICA\u00c7\u00c3O GLOBAL EFICIENTE PARA NEG\u00d3CIOS EM ASCENS\u00c3O<span class=\"toggle_icon\" >        <span class=\"vert_icon\"><\/span><span class=\"hor_icon\"><\/span><\/span><\/p>        <div id=\"toggle-id-5-container\" class=\"toggle_wrap \"  >            <div class=\"toggle_content invers-color \"  itemprop=\"text\"   ><p><a href=\"https:\/\/www.achadotop.com.br\/noticia\/32133\/wordlink-traducoes-comunicacao-global-eficiente-para-negocios-em-ascensao.html\" target=\"_blank\" rel=\"noopener\">https:\/\/www.achadotop.com.br\/noticia\/32133\/wordlink-traducoes-comunicacao-global-eficiente-para-negocios-em-ascensao.html<\/a><\/p>\n            <\/div>        <\/div>    <\/div><\/section><section class=\"av_toggle_section\"  itemscope=\"itemscope\" itemtype=\"https:\/\/schema.org\/CreativeWork\"  >    <div role=\"tablist\" class=\"single_toggle\" data-tags=\"{Todos} \"  >        <p data-fake-id=\"#toggle-id-6\" class=\"toggler \"  itemprop=\"headline\"    role=\"tab\" tabindex=\"0\" aria-controls=\"toggle-id-6-container\">WEBCITZEN - Acelerando as Vendas: O Poder da Tradu\u00e7\u00e3o de Marketing e Transcria\u00e7\u00e3o<span class=\"toggle_icon\" >        <span class=\"vert_icon\"><\/span><span class=\"hor_icon\"><\/span><\/span><\/p>        <div id=\"toggle-id-6-container\" class=\"toggle_wrap \"  >            <div class=\"toggle_content invers-color \"  itemprop=\"text\"   ><p>https:\/\/www.webcitizen.com.br\/2023\/07\/o-poder-da-traducao-de-marketing-e-transcriacao.html<\/p>\n            <\/div>        <\/div>    <\/div><\/section><\/div><\/p><\/div>\n","protected":false},"excerpt":{"rendered":"","protected":false},"author":1,"featured_media":0,"parent":0,"menu_order":0,"comment_status":"closed","ping_status":"closed","template":"","meta":[],"_links":{"self":[{"href":"https:\/\/wordlink.com.br\/pt\/wp-json\/wp\/v2\/pages\/3719"}],"collection":[{"href":"https:\/\/wordlink.com.br\/pt\/wp-json\/wp\/v2\/pages"}],"about":[{"href":"https:\/\/wordlink.com.br\/pt\/wp-json\/wp\/v2\/types\/page"}],"author":[{"embeddable":true,"href":"https:\/\/wordlink.com.br\/pt\/wp-json\/wp\/v2\/users\/1"}],"replies":[{"embeddable":true,"href":"https:\/\/wordlink.com.br\/pt\/wp-json\/wp\/v2\/comments?post=3719"}],"version-history":[{"count":6,"href":"https:\/\/wordlink.com.br\/pt\/wp-json\/wp\/v2\/pages\/3719\/revisions"}],"predecessor-version":[{"id":3838,"href":"https:\/\/wordlink.com.br\/pt\/wp-json\/wp\/v2\/pages\/3719\/revisions\/3838"}],"wp:attachment":[{"href":"https:\/\/wordlink.com.br\/pt\/wp-json\/wp\/v2\/media?parent=3719"}],"curies":[{"name":"wp","href":"https:\/\/api.w.org\/{rel}","templated":true}]}}